{"id":1361,"date":"2020-02-13T19:11:16","date_gmt":"2020-02-13T19:11:16","guid":{"rendered":"https:\/\/demo.gloriathemes.com\/noxe\/demo\/?page_id=1361"},"modified":"2025-05-27T14:22:46","modified_gmt":"2025-05-27T14:22:46","slug":"association","status":"publish","type":"page","link":"https:\/\/www.europeworldfestival.com\/zh\/association\/","title":{"rendered":"\u6b27\u6d32\u7535\u5f71\u4eba\u534f\u4f1a"},"content":{"rendered":"<div class=\"wpb-content-wrapper\"><div class=\"vc_row wpb_row vc_row-fluid vc_custom_1581700022251 gt-background-position-default gt-background-attachment-default gt-overflow-default\"><div class=\"wpb_column vc_column_container vc_col-sm-12\"><div class=\"vc_column-inner\"><div class=\"wpb_wrapper\"><div class=\"vc_row wpb_row vc_inner vc_row-fluid vc_custom_1581957517763 gt-background-position-default gt-background-attachment-default gt-overflow-default\"><div class=\"wpb_column vc_column_container vc_col-sm-12 vc_col-lg-2 vc_col-md-2 vc_col-xs-12\"><div class=\"vc_column-inner\"><div class=\"wpb_wrapper\"><\/div><\/div><\/div><div class=\"wpb_column vc_column_container vc_col-sm-12 vc_col-lg-8 vc_col-md-8 vc_col-xs-12\"><div class=\"vc_column-inner\"><div class=\"wpb_wrapper\"><div class=\"gt-heading gt-style-1 gt-light gt-align-center\"><h5 class=\"gt-title\">The Association des Cin\u00e9astes Europ\u00e9ens, registered in France, is a professional film industry association with the following objectives:<\/h5><\/div><\/div><\/div><\/div><div class=\"wpb_column vc_column_container vc_col-sm-12 vc_col-lg-2 vc_col-md-2 vc_col-xs-12\"><div class=\"vc_column-inner\"><div class=\"wpb_wrapper\"><\/div><\/div><\/div><\/div><div class=\"vc_row wpb_row vc_inner vc_row-fluid vc_custom_1581709367992 gt-background-position-default gt-background-attachment-default gt-overflow-default\"><div class=\"wpb_column vc_column_container vc_col-sm-12 vc_col-lg-1 vc_col-md-1 vc_col-xs-12\"><div class=\"vc_column-inner\"><div class=\"wpb_wrapper\"><\/div><\/div><\/div><div class=\"wpb_column vc_column_container vc_col-sm-12 vc_col-lg-10 vc_col-md-10 vc_col-xs-12\"><div class=\"vc_column-inner\"><div class=\"wpb_wrapper\">\n\t<div class=\"wpb_text_column wpb_content_element vc_custom_1737314917015\" >\n\t\t<div class=\"wpb_wrapper\">\n\t\t\t<ol>\n<li><strong>To Promote the Dissemination and Exchange of European Film Culture<\/strong>: Organizing film festivals, salons, forums, and other events to facilitate interaction and collaboration among European filmmakers, producers, distributors, and audiences.<\/li>\n<li><strong>To Support Innovation and Diversity in the Film Industry<\/strong>: Providing support for young directors, independent producers, and innovative film projects to foster the diversity and growth of cinematic art.<\/li>\n<li><strong>To Establish an International Collaboration Platform<\/strong>: Building a network of industry partnerships across Europe and worldwide to promote European cinema in the global market and encourage cultural exchange.<\/li>\n<li><strong>To Advocate for Sustainable Development in the Industry<\/strong>: Promoting sustainable practices in film production and distribution to ensure the healthy and responsible growth of the sector.<\/li>\n<\/ol>\n\n\t\t<\/div>\n\t<\/div>\n<\/div><\/div><\/div><div class=\"wpb_column vc_column_container vc_col-sm-12 vc_col-lg-1 vc_col-md-1 vc_col-xs-12\"><div class=\"vc_column-inner\"><div class=\"wpb_wrapper\"><\/div><\/div><\/div><\/div><div class=\"vc_row wpb_row vc_inner vc_row-fluid gt-background-position-default gt-background-attachment-default gt-overflow-default\"><div class=\"wpb_column vc_column_container vc_col-sm-12\"><div class=\"vc_column-inner\"><div class=\"wpb_wrapper\">\n\t<div class=\"wpb_text_column wpb_content_element\" >\n\t\t<div class=\"wpb_wrapper\">\n\t\t\t<p>Association Activities:<\/p>\n<p>The <strong>Association des Cin\u00e9astes Europ\u00e9ens<\/strong> organizes various events, including the <strong>Golden Unicorn Film Award<\/strong> as part of the European World Film Festival. This prestigious award aims to recognize and promote outstanding achievements in European and global cinema, encompassing diverse genres and categories such as Best Film, Best Director, Best Actor, and Best Actress.<\/p>\n<p>In addition to the awards ceremony, the association hosts a variety of forums, seminars, screenings, and other events, providing a vital platform for exchange and collaboration within the European film industry.<\/p>\n\n\t\t<\/div>\n\t<\/div>\n<\/div><\/div><\/div><\/div>\n\t<div class=\"wpb_text_column wpb_content_element\" >\n\t\t<div class=\"wpb_wrapper\">\n\t\t\t<p>Membership Services of the Association:<\/p>\n<ul>\n<li><strong>Access to Industry Information<\/strong>: Members can stay updated with the latest film projects, industry trends, and market information, ensuring they remain well-informed in the dynamic film industry.<\/li>\n<li><strong>Professional Development and Networking<\/strong>: The association organizes various professional training, forums, and networking events, offering members valuable opportunities to enhance their skills and expand their industry connections.<\/li>\n<li><strong>Collaborative Opportunities<\/strong>: Members can explore new collaboration opportunities through the association\u2019s initiatives, fostering partnerships with other filmmakers, producers, and industry professionals across Europe and beyond.<\/li>\n<li><strong>Support for Members Outside Europe<\/strong>: The association provides specialized services for international members, including consultations on European filming policies, assistance with filming partnerships, and information on available European film funding programs.<\/li>\n<\/ul>\n\n\t\t<\/div>\n\t<\/div>\n\n\t<div class=\"wpb_text_column wpb_content_element\" >\n\t\t<div class=\"wpb_wrapper\">\n\t\t\t<p dir=\"auto\">    <div class=\"efa-membership-container\">\n        <div class=\"efa-membership-info\">\n            <h2>Exigences pour la candidature \u00e0 l\u2019Association europ\u00e9enne des cin\u00e9astes<\/h2>\n            <p>Bienvenue dans votre d\u00e9marche pour rejoindre l\u2019Association europ\u00e9enne des cin\u00e9astes ! Nous nous engageons \u00e0 connecter les cr\u00e9ateurs de films du monde entier, \u00e0 promouvoir l\u2019innovation et les \u00e9changes dans l\u2019art cin\u00e9matographique. En tant que membre, vous aurez l\u2019opportunit\u00e9 de collaborer avec des cin\u00e9astes internationaux, de participer \u00e0 des \u00e9v\u00e9nements exclusifs et d\u2019acc\u00e9der \u00e0 des ressources professionnelles. Veuillez pr\u00e9parer les documents suivants pour votre candidature :<\/p>\n            \n            <h3>Informations personnelles<\/h3>\n            <p>Veuillez fournir un curriculum vitae succinct incluant :<\/p>\n            <ul>\n                <li>Nom<\/li>\n                <li>Nationalit\u00e9<\/li>\n                <li>Date de naissance (utilis\u00e9e pour d\u00e9terminer l\u2019\u00e2ge et le type d\u2019adh\u00e9sion)<\/li>\n                <li>Formation acad\u00e9mique<\/li>\n                <li>Exp\u00e9rience en r\u00e9alisation cin\u00e9matographique (par exemple, r\u00e9alisateur, sc\u00e9nariste, directeur de la photographie)<\/li>\n            <\/ul>\n\n            <h3>Pr\u00e9sentation de vos \u0153uvres<\/h3>\n            <p>Veuillez soumettre au moins une \u0153uvre cin\u00e9matographique (long ou court m\u00e9trage). Les \u0153uvres peuvent \u00eatre soumises de la mani\u00e8re suivante :<\/p>\n            <ul>\n                <li>T\u00e9l\u00e9versement d\u2019un fichier vid\u00e9o (format MP4 recommand\u00e9, maximum 500 Mo).<\/li>\n                <li>Fourniture d\u2019un lien en ligne (par exemple, Vimeo, YouTube, assurez-vous que le lien est accessible).<\/li>\n            <\/ul>\n            <p>Si vous \u00eates un jeune cin\u00e9aste de moins de 30 ans (y compris les \u00e9tudiants ou dipl\u00f4m\u00e9s depuis moins de deux ans), vous pouvez soumettre une \u0153uvre r\u00e9alis\u00e9e pendant vos \u00e9tudes ou r\u00e9cemment.<\/p>\n\n            <h3>Paiement des frais d\u2019adh\u00e9sion<\/h3>\n            <p>Le type d\u2019adh\u00e9sion est automatiquement d\u00e9termin\u00e9 en fonction de l\u2019\u00e2ge :<\/p>\n            <ul>\n                <li>Membre international (30 ans et plus) : \u20ac1000 par an.<\/li>\n                <li>Membre jeune (moins de 30 ans) : \u20ac800 par an.<\/li>\n            <\/ul>\n            <p><em>Les membres internationaux et jeunes b\u00e9n\u00e9ficient de tous les droits des membres, \u00e0 l\u2019exception du droit de vote et d\u2019\u00e9ligibilit\u00e9.<\/em> Veuillez indiquer votre date de naissance dans le formulaire de candidature ; le syst\u00e8me s\u00e9lectionnera automatiquement le type d\u2019adh\u00e9sion et les frais correspondants. Apr\u00e8s finalisation ou annulation du paiement, vous serez redirig\u00e9 vers la page de l\u2019association.<\/p>\n\n            <h3>Processus de candidature<\/h3>\n            <p>Veuillez remplir le formulaire de candidature ci-dessous, en fournissant toutes les informations personnelles, votre \u0153uvre et les frais d\u2019adh\u00e9sion. Une fois soumis, les administrateurs examineront votre candidature via le tableau de bord WordPress dans un d\u00e9lai de 7 \u00e0 14 jours ouvrables. En cas d\u2019approbation, vous recevrez un certificat de membre. Merci pour votre int\u00e9r\u00eat et votre soutien, nous avons h\u00e2te de vous accueillir au sein de l\u2019Association europ\u00e9enne des cin\u00e9astes !<\/p>\n        <\/div>\n        <div class=\"efa-membership-form-container\">\n            <h2>Formulaire de candidature<\/h2>\n            <div id=\"efa-error\" style=\"color:red; display:none; margin-bottom:10px;\"><\/div>\n            <form id=\"efa-membership-form\" method=\"POST\" enctype=\"multipart\/form-data\" lang=\"en\">\n                <!-- Personal Information -->\n                <h3>Informations personnelles<\/h3>\n                <p>\n                    <label for=\"name\">Nom <span style=\"color:red;\">*<\/span><\/label><br>\n                    <input type=\"text\" id=\"name\" name=\"name\" required style=\"width:100%; padding:6px;\">\n                <\/p>\n                <p>\n                    <label for=\"nationality\">Nationalit\u00e9 <span style=\"color:red;\">*<\/span><\/label><br>\n                    <input type=\"text\" id=\"nationality\" name=\"nationality\" required style=\"width:100%; padding:6px;\">\n                <\/p>\n                <p>\n                    <label for=\"birth_date\">Date de naissance <span style=\"color:red;\">*<\/span><\/label><br>\n                    <input type=\"date\" id=\"birth_date\" name=\"birth_date\" required style=\"width:100%; padding:6px;\" placeholder=\"MM\/DD\/YYYY\" lang=\"en\" onchange=\"efa_update_membership_type()\">\n                <\/p>\n                <p>\n                    <label for=\"education\">Formation acad\u00e9mique <span style=\"color:red;\">*<\/span><\/label><br>\n                    <textarea id=\"education\" name=\"education\" required style=\"width:100%; padding:6px; height:80px;\"><\/textarea>\n                <\/p>\n                <p>\n                    <label for=\"experience\">Exp\u00e9rience en r\u00e9alisation cin\u00e9matographique <span style=\"color:red;\">*<\/span><\/label><br>\n                    <textarea id=\"experience\" name=\"experience\" required style=\"width:100%; padding:6px; height:80px;\"><\/textarea>\n                <\/p>\n\n                <!-- Work Submission -->\n                <h3>Soumission d\u2019\u0153uvre<\/h3>\n                <p>\n                    <label for=\"work_type\">M\u00e9thode de soumission <span style=\"color:red;\">*<\/span><\/label><br>\n                    <select id=\"work_type\" name=\"work_type\" required onchange=\"efa_toggle_work_input()\">\n                        <option value=\"\">S\u00e9lectionner<\/option>\n                        <option value=\"upload\">T\u00e9l\u00e9verser un fichier<\/option>\n                        <option value=\"link\">Fournir un lien<\/option>\n                    <\/select>\n                <\/p>\n                <p id=\"work_upload_field\" style=\"display:none;\">\n                    <label for=\"work_upload\">T\u00e9l\u00e9verser une \u0153uvre (MP4, max 500MB) <span style=\"color:red;\">*<\/span><\/label><br>\n                    <input type=\"file\" id=\"work_upload\" name=\"work_upload\" accept=\".mp4\">\n                <\/p>\n                <p id=\"work_link_field\" style=\"display:none;\">\n                    <label for=\"work_link\">Lien de l\u2019\u0153uvre <span style=\"color:red;\">*<\/span><\/label><br>\n                    <input type=\"url\" id=\"work_link\" name=\"work_link\" placeholder=\"https:\/\/\">\n                <\/p>\n\n                <!-- Membership Type -->\n                <h3>Type d\u2019adh\u00e9sion<\/h3>\n                <p>\n                    <label for=\"membership_type\">Type (d\u00e9termin\u00e9 automatiquement par l\u2019\u00e2ge) <span style=\"color:red;\">*<\/span><\/label><br>\n                    <input type=\"text\" id=\"membership_type\" name=\"membership_type\" readonly style=\"width:100%; padding:6px;\">\n                    <input type=\"hidden\" id=\"payment_link\" name=\"payment_link\">\n                <\/p>\n\n                <!-- GDPR Compliance -->\n                <p>\n                    <label><input type=\"checkbox\" id=\"terms\" name=\"terms\" required> J\u2019accepte les <a href=\"\/terms\" target=\"_blank\">termes et conditions<\/a> <span style=\"color:red;\">*<\/span><\/label>\n                <\/p>\n\n                <!-- Submit Button -->\n                <p>\n                    <button type=\"submit\" name=\"efa_submit\" id=\"efa_submit\" style=\"background:#007bff; color:white; padding:8px 16px; border:none; border-radius:4px; cursor:pointer;\" disabled>Passer au paiement<\/button>\n                <\/p>\n            <\/form>\n        <\/div>\n    <\/div>\n\n    <script>\n        document.addEventListener('DOMContentLoaded', function() {\n            function efa_toggle_work_input() {\n                var workType = document.getElementById('work_type');\n                var uploadField = document.getElementById('work_upload_field');\n                var linkField = document.getElementById('work_link_field');\n                var uploadInput = document.getElementById('work_upload');\n                var linkInput = document.getElementById('work_link');\n\n                if (!workType || !uploadField || !linkField || !uploadInput || !linkInput) return;\n\n                uploadField.style.display = workType.value === 'upload' ? 'block' : 'none';\n                linkField.style.display = workType.value === 'link' ? 'block' : 'none';\n                uploadInput.required = workType.value === 'upload';\n                linkInput.required = workType.value === 'link';\n            }\n\n            function efa_update_membership_type() {\n                var birthDateInput = document.getElementById('birth_date');\n                var errorDiv = document.getElementById('efa-error');\n                var submitButton = document.getElementById('efa_submit');\n\n                if (!birthDateInput || !errorDiv || !submitButton) {\n                    console.error('Form elements not found');\n                    return;\n                }\n\n                var birthDateValue = birthDateInput.value;\n                if (!birthDateValue) {\n                    errorDiv.style.display = 'block';\n                    errorDiv.textContent = 'Please select a date of birth.';\n                    submitButton.disabled = true;\n                    return;\n                }\n\n                try {\n                    var birthDate = new Date(birthDateValue);\n                    var today = new Date();\n                    var age = today.getFullYear() - birthDate.getFullYear();\n                    var monthDiff = today.getMonth() - birthDate.getMonth();\n                    if (monthDiff < 0 || (monthDiff === 0 && today.getDate() < birthDate.getDate())) {\n                        age--;\n                    }\n\n                    if (birthDate > today) {\n                        errorDiv.style.display = 'block';\n                        errorDiv.textContent = 'Date of birth cannot be in the future.';\n                        submitButton.disabled = true;\n                        return;\n                    }\n                    if (age > 120) {\n                        errorDiv.style.display = 'block';\n                        errorDiv.textContent = 'Please enter a valid date of birth.';\n                        submitButton.disabled = true;\n                        return;\n                    }\n\n                    var membershipTypeField = document.getElementById('membership_type');\n                    var paymentLinkField = document.getElementById('payment_link');\n\n                    if (!membershipTypeField || !paymentLinkField) {\n                        console.error('Membership fields not found');\n                        return;\n                    }\n\n                    if (age < 30) {\n                        membershipTypeField.value = 'Membre jeune (\u20ac800 par an)';\n                        paymentLinkField.value = 'https:\/\/buy.stripe.com\/dRm3cv1mIe760y0cy8eQM04'; \/\/ TODO: Update with correct \u20ac800 Stripe link\n                    } else {\n                        membershipTypeField.value = 'Membre international (\u20ac1000 par an)';\n                        paymentLinkField.value = 'https:\/\/buy.stripe.com\/aFa3cv1mI6EE2G81TueQM03'; \/\/ TODO: Update with correct \u20ac1000 Stripe link\n                    }\n                    errorDiv.style.display = 'none';\n                    submitButton.disabled = false;\n                } catch (e) {\n                    errorDiv.style.display = 'block';\n                    errorDiv.textContent = 'Invalid date format. Please select a valid date.';\n                    submitButton.disabled = true;\n                }\n            }\n\n            var form = document.getElementById('efa-membership-form');\n            if (form) {\n                form.addEventListener('submit', function(e) {\n                    var workType = document.getElementById('work_type');\n                    var uploadInput = document.getElementById('work_upload');\n                    var linkInput = document.getElementById('work_link');\n                    var errorDiv = document.getElementById('efa-error');\n\n                    if (!workType || !errorDiv) return;\n\n                    if (workType.value === 'upload' && uploadInput && uploadInput.files.length > 0) {\n                        var file = uploadInput.files[0];\n                        if (file.type !== 'video\/mp4') {\n                            e.preventDefault();\n                            errorDiv.style.display = 'block';\n                            errorDiv.textContent = 'Please upload a valid MP4 file.';\n                            return;\n                        }\n                        if (file.size > 500 * 1024 * 1024) {\n                            e.preventDefault();\n                            errorDiv.style.display = 'block';\n                            errorDiv.textContent = 'File size exceeds 500MB limit.';\n                            return;\n                        }\n                    } else if (workType.value === 'link' && linkInput && !linkInput.value.match(\/^https?:\\\/\\\/.+\/)) {\n                        e.preventDefault();\n                        errorDiv.style.display = 'block';\n                        errorDiv.textContent = 'Please provide a valid URL (starting with http:\/\/ or https:\/\/).';\n                        return;\n                    }\n                });\n            }\n\n            var workTypeSelect = document.getElementById('work_type');\n            if (workTypeSelect) workTypeSelect.addEventListener('change', efa_toggle_work_input);\n\n            var birthDateInput = document.getElementById('birth_date');\n            if (birthDateInput) birthDateInput.addEventListener('change', efa_update_membership_type);\n        });\n    <\/script>\n\n    <style>\n        .efa-membership-container {\n            display: flex;\n            flex-wrap: wrap;\n            max-width: 1200px;\n            margin: 15px auto;\n            gap: 20px;\n            font-family: Arial, sans-serif;\n        }\n        .efa-membership-info {\n            flex: 1;\n            min-width: 300px;\n            padding: 15px;\n            background: #fff;\n            border-radius: 6px;\n        }\n        .efa-membership-form-container {\n            flex: 1;\n            min-width: 300px;\n            padding: 15px;\n            background: #f9f9f9;\n            border-radius: 6px;\n        }\n        .efa-membership-info h2, .efa-membership-form-container h2 {\n            font-size: 1.5em;\n            color: #333;\n            margin-bottom: 10px;\n        }\n        .efa-membership-info h3, .efa-membership-form-container h3 {\n            font-size: 1.2em;\n            color: #333;\n            margin-bottom: 8px;\n        }\n        .efa-membership-form-container label {\n            font-weight: bold;\n            margin-bottom: 4px;\n            display: block;\n        }\n        .efa-membership-form-container input,\n        .efa-membership-form-container textarea,\n        .efa-membership-form-container select {\n            width: 100%;\n            padding: 6px;\n            margin-bottom: 10px;\n            border: 1px solid #ccc;\n            border-radius: 4px;\n            box-sizing: border-box;\n        }\n        .efa-membership-form-container button {\n            background: #007bff;\n            color: white;\n            padding: 8px 16px;\n            border: none;\n            border-radius: 4px;\n            cursor: pointer;\n        }\n        .efa-membership-form-container button:hover {\n            background: #0056b3;\n        }\n        .efa-membership-form-container button:disabled {\n            background: #cccccc;\n            cursor: not-allowed;\n        }\n        .efa-membership-info p, .efa-membership-info ul {\n            margin-bottom: 10px;\n            line-height: 1.6;\n        }\n        .efa-membership-info ul {\n            list-style-type: disc;\n            padding-left: 20px;\n        }\n        @media (max-width: 768px) {\n            .efa-membership-info, .efa-membership-form-container {\n                flex: 100%;\n            }\n        }\n    <\/style>\n    <\/p>\n\n\t\t<\/div>\n\t<\/div>\n<\/div><\/div><\/div><\/div><div data-vc-full-width=\"true\" data-vc-full-width-init=\"false\" data-vc-stretch-content=\"true\" class=\"vc_row wpb_row vc_row-fluid vc_custom_1582729593132 vc_row-has-fill gt-background-position-default gt-background-attachment-default gt-overflow-default vc_row-no-padding\"><div class=\"wpb_column vc_column_container vc_col-sm-12\"><div class=\"vc_column-inner\"><div class=\"wpb_wrapper\"><\/div><\/div><\/div><\/div><div class=\"vc_row-full-width vc_clearfix\"><\/div><div class=\"vc_row wpb_row vc_row-fluid gt-background-position-default gt-background-attachment-default gt-overflow-default\"><div class=\"wpb_column vc_column_container vc_col-sm-12 vc_col-lg-2 vc_col-md-2 vc_col-xs-12\"><div class=\"vc_column-inner\"><div class=\"wpb_wrapper\"><\/div><\/div><\/div><div class=\"wpb_column vc_column_container vc_col-sm-12 vc_col-lg-8 vc_col-md-8 vc_col-xs-12\"><div class=\"vc_column-inner\"><div class=\"wpb_wrapper\"><\/div><\/div><\/div><div class=\"wpb_column vc_column_container vc_col-sm-12 vc_col-lg-2 vc_col-md-2 vc_col-xs-12\"><div class=\"vc_column-inner\"><div class=\"wpb_wrapper\"><\/div><\/div><\/div><\/div>\n<\/div>","protected":false},"excerpt":{"rendered":"The Association des Cin\u00e9astes Europ\u00e9ens, registered in France, is a professional film industry association with the following objectives: To Promote the Dissemination and Exchange of...","protected":false},"author":1,"featured_media":0,"parent":0,"menu_order":0,"comment_status":"closed","ping_status":"closed","template":"","meta":{"footnotes":""},"class_list":["post-1361","page","type-page","status-publish","hentry"],"_links":{"self":[{"href":"https:\/\/www.europeworldfestival.com\/zh\/wp-json\/wp\/v2\/pages\/1361","targetHints":{"allow":["GET"]}}],"collection":[{"href":"https:\/\/www.europeworldfestival.com\/zh\/wp-json\/wp\/v2\/pages"}],"about":[{"href":"https:\/\/www.europeworldfestival.com\/zh\/wp-json\/wp\/v2\/types\/page"}],"author":[{"embeddable":true,"href":"https:\/\/www.europeworldfestival.com\/zh\/wp-json\/wp\/v2\/users\/1"}],"replies":[{"embeddable":true,"href":"https:\/\/www.europeworldfestival.com\/zh\/wp-json\/wp\/v2\/comments?post=1361"}],"version-history":[{"count":7,"href":"https:\/\/www.europeworldfestival.com\/zh\/wp-json\/wp\/v2\/pages\/1361\/revisions"}],"predecessor-version":[{"id":4089,"href":"https:\/\/www.europeworldfestival.com\/zh\/wp-json\/wp\/v2\/pages\/1361\/revisions\/4089"}],"wp:attachment":[{"href":"https:\/\/www.europeworldfestival.com\/zh\/wp-json\/wp\/v2\/media?parent=1361"}],"curies":[{"name":"wp","href":"https:\/\/api.w.org\/{rel}","templated":true}]}}